{"id":853,"date":"2022-04-22T08:21:21","date_gmt":"2022-04-22T08:21:21","guid":{"rendered":"https:\/\/www.gonzalvezarquitectos.com\/?page_id=853"},"modified":"2022-04-22T08:21:50","modified_gmt":"2022-04-22T08:21:50","slug":"politica-de-cookies","status":"publish","type":"page","link":"https:\/\/www.gonzalvezarquitectos.com\/en\/politica-de-cookies\/","title":{"rendered":"Cookie Policy"},"content":{"rendered":"<p>Por la mera visita a la web, los Usuarios nos facilitan informaci\u00f3n personal alguna ni quedan obligados a ello.<\/p>\n\n\n\n<p><strong>Definici\u00f3n y funci\u00f3n de las cookies:<\/strong> Una cookie es un fichero que se descarga en su ordenador al acceder a determinadas p\u00e1ginas web. Las cookies permiten a una p\u00e1gina web, entre otras cosas, almacenar y recuperar informaci\u00f3n sobre los h\u00e1bitos de navegaci\u00f3n de un usuario o de su equipo y, dependiendo de la informaci\u00f3n que contengan y de la forma en que utilice su equipo, pueden utilizarse para reconocer al usuario.<\/p>\n\n\n\n<p><strong>Responsable de cookies<\/strong><\/p>\n\n\n\n<p>Revestimientos endurpol s.l. y m\u00e1s concretamente D. Diego L\u00f3pez S\u00e1nchez con DNI 11849482C con el cual se puede contactar a traves del correo info@endurpol.es y el telefono 682525201 es en calidad de responsable del sitio web el \u00fanico autorizado a ver la informaci\u00f3n estadistica obtenida por medio de las cookies utilizadas en esta p\u00e1gina web.<\/p>\n\n\n\n<p>En cualquier momento puede contactar con el responsable para solicitar la eliminaci\u00f3n de la informaci\u00f3n obtenida por medio de las cookies aunque esta es minima.<\/p>\n\n\n\n<p><strong>\u00bfQu\u00e9 tipos de cookies utiliza esta p\u00e1gina web?<\/strong><\/p>\n\n\n\n<p><strong>Cookies t\u00e9cnicas<\/strong>: Son aqu\u00e9llas que permiten al usuario la navegaci\u00f3n a trav\u00e9s de una p\u00e1gina web, plataforma o aplicaci\u00f3n y la utilizaci\u00f3n de las diferentes opciones o servicios que en ella existan como, por ejemplo, controlar el tr\u00e1fico y la comunicaci\u00f3n de datos, identificar la sesi\u00f3n, acceder a partes de acceso restringido, recordar los elementos que integran un pedido, realizar el proceso de compra de un pedido, realizar la solicitud de inscripci\u00f3n o participaci\u00f3n en un evento, utilizar elementos de seguridad durante la navegaci\u00f3n, almacenar contenidos para la difusi\u00f3n de videos o sonido o compartir contenidos a trav\u00e9s de redes sociales.<\/p>\n\n\n\n<p><strong>Cookies de an\u00e1lisis:<\/strong> Son aqu\u00e9llas que bien tratadas por nosotros o por terceros, nos permiten cuantificar el n\u00famero de usuarios y as\u00ed realizar la medici\u00f3n y an\u00e1lisis estad\u00edstico de la utilizaci\u00f3n que hacen los usuarios del servicio ofertado. Para ello se analiza su navegaci\u00f3n en nuestra p\u00e1gina web con el fin de mejorar la oferta de productos o servicios que le ofrecemos.<\/p>\n\n\n\n<p><strong>Cookies de an\u00e1lisis:<\/strong> Se analiza su navegaci\u00f3n utilizando programas de anal\u00edtica web que recaban informaci\u00f3n referente al usuario de la web (IP, principalmente), as\u00ed como la navegaci\u00f3n que \u00e9ste ha realizado (origen, visitas, tiempo en la p\u00e1gina, etc). Cookies de personalizaci\u00f3n: Son aqu\u00e9llas que permiten al usuario acceder al servicio con algunas caracter\u00edsticas de car\u00e1cter general predefinidas en funci\u00f3n de una serie de criterios en el terminal del usuario como por ejemplo serian el idioma, el tipo de navegador a trav\u00e9s del cual accede al servicio, la configuraci\u00f3n regional desde donde accede al servicio, etc.<\/p>\n\n\n\n<p><strong>Cookies de terceros:<\/strong> Esta p\u00e1gina web utiliza Google Analytics, un servicio anal\u00edtico de web prestado por Google, Inc., una compa\u00f1\u00eda de Delaware cuya oficina principal est\u00e1 en 1600 Amphitheatre Parkway, Mountain View (California), CA 94043, Estados Unidos (\u201cGoogle\u201d). Google Analytics utiliza \u201ccookies\u201d, que son archivos de texto ubicados en su ordenador, para ayudar al website a analizar el uso que hacen los usuarios del sitio web. La informaci\u00f3n que genera la cookie acerca de su uso del website (incluyendo su direcci\u00f3n IP) ser\u00e1 directamente transmitida y archivada por Google en los servidores de Estados Unidos. Google usar\u00e1 esta informaci\u00f3n por cuenta nuestra con el prop\u00f3sito de seguir la pista de su uso del website, recopilando informes de la actividad del website y prestando otros servicios relacionados con la actividad del website y el uso de Internet. Google podr\u00e1 transmitir dicha informaci\u00f3n a terceros cuando as\u00ed se lo requiera la legislaci\u00f3n, o cuando dichos terceros procesen la informaci\u00f3n por cuenta de Google. Google no asociar\u00e1 su direcci\u00f3n IP con ning\u00fan otro dato del que disponga Google. Puede Usted rechazar el tratamiento de los datos o la informaci\u00f3n rechazando el uso de cookies mediante la selecci\u00f3n de la configuraci\u00f3n apropiada de su navegador, sin embargo, debe Usted saber que si lo hace puede ser que no pueda usar la plena funcionabilidad de este website. Al utilizar este website Usted consiente el tratamiento de informaci\u00f3n acerca de Usted por Google en la forma y para los fines arriba indicados.<\/p>\n\n\n\n<p><strong>\u00bfC\u00f3mo administrar cookies en el navegador?<\/strong> El usuario acepta expresamente, por la utilizaci\u00f3n de este Site, el tratamiento de la informaci\u00f3n recabada en la forma y con los fines anteriormente mencionados. Y asimismo reconoce conocer la posibilidad de rechazar el tratamiento de tales datos o informaci\u00f3n rechazando el uso de Cookies mediante la selecci\u00f3n de la configuraci\u00f3n apropiada a tal fin en su navegador. Si bien esta opci\u00f3n de bloqueo de Cookies en su navegador puede no permitirle el uso pleno de todas las funcionalidades del Website. Puede usted permitir, bloquear o eliminar las cookies instaladas en su equipo mediante la configuraci\u00f3n de las opciones del navegador instalado en su ordenador: Chrome, Explorer, Firefox, Safari.<\/p>\n\n\n\n<p>Politica de privacidad de las cookies<\/p>\n\n\n\n<p>\u2013<strong>Responsable del tratamiento.<\/strong> D. Diego L\u00f3pez S\u00e1nchez con DNI 11849482 C en calidad de responsable de la web de Revestimientos endurpol S.L. para comunicar con \u00e9l pueden usar el tel 682 52 52 01 o el correo info@endurpol.es<\/p>\n\n\n\n<p>\u2013<strong>Finalidad del uso de cookies.&nbsp;<\/strong>Analizar el comportamiento general de los usarios en la web con el fin de mejorar la usabilidad de la misma<\/p>\n\n\n\n<p>-Base jur\u00eddica del uso de cookies (consentimiento). Aceptaci\u00f3n explicita de las cookies en el banner<\/p>\n\n\n\n<p>-Destinatarios del tratamiento de datos a trav\u00e9s del uso de cookies. D.Diego L\u00f3pez S\u00e1nchez y Google, Inc., una compa\u00f1\u00eda de Delaware cuya oficina principal est\u00e1 en 1600 Amphitheatre Parkway, Mountain View (California), CA 94043, Estados Unidos (\u201cGoogle\u201d)<\/p>\n\n\n\n<p>-Plazo de conservaci\u00f3n de los datos obtenidos a trav\u00e9s del uso de cookies: 1 a\u00f1o<\/p>\n\n\n\n<p>-Derechos y como ejercitarlos. Puede solicitar la eliminaci\u00f3n de los datos obtenidos a traves de las cookies escribiendo a info@endurpol.es<\/p>","protected":false},"excerpt":{"rendered":"<p>Por la mera visita a la web, los Usuarios nos facilitan informaci\u00f3n personal alguna ni quedan obligados a ello. Definici\u00f3n y funci\u00f3n de las cookies: Una cookie es un fichero que se descarga en su ordenador al acceder a determinadas p\u00e1ginas web. Las cookies permiten a una p\u00e1gina web, entre otras cosas, almacenar y recuperar &hellip;<\/p>\n<p class=\"read-more\"> <a class=\"\" href=\"https:\/\/www.gonzalvezarquitectos.com\/en\/politica-de-cookies\/\"> <span class=\"screen-reader-text\">Cookie Policy<\/span> Leer m\u00e1s \u00bb<\/a><\/p>","protected":false},"author":2,"featured_media":0,"parent":0,"menu_order":0,"comment_status":"closed","ping_status":"closed","template":"","meta":{"site-sidebar-layout":"default","site-content-layout":"default","ast-global-header-display":"","ast-main-header-display":"","ast-hfb-above-header-display":"","ast-hfb-below-header-display":"","ast-hfb-mobile-header-display":"","site-post-title":"","ast-breadcrumbs-content":"","ast-featured-img":"","footer-sml-layout":"","theme-transparent-header-meta":"","adv-header-id-meta":"","stick-header-meta":"","header-above-stick-meta":"","header-main-stick-meta":"","header-below-stick-meta":"","_joinchat":[],"footnotes":""},"class_list":["post-853","page","type-page","status-publish","hentry"],"_links":{"self":[{"href":"https:\/\/www.gonzalvezarquitectos.com\/en\/wp-json\/wp\/v2\/pages\/853","targetHints":{"allow":["GET"]}}],"collection":[{"href":"https:\/\/www.gonzalvezarquitectos.com\/en\/wp-json\/wp\/v2\/pages"}],"about":[{"href":"https:\/\/www.gonzalvezarquitectos.com\/en\/wp-json\/wp\/v2\/types\/page"}],"author":[{"embeddable":true,"href":"https:\/\/www.gonzalvezarquitectos.com\/en\/wp-json\/wp\/v2\/users\/2"}],"replies":[{"embeddable":true,"href":"https:\/\/www.gonzalvezarquitectos.com\/en\/wp-json\/wp\/v2\/comments?post=853"}],"version-history":[{"count":2,"href":"https:\/\/www.gonzalvezarquitectos.com\/en\/wp-json\/wp\/v2\/pages\/853\/revisions"}],"predecessor-version":[{"id":856,"href":"https:\/\/www.gonzalvezarquitectos.com\/en\/wp-json\/wp\/v2\/pages\/853\/revisions\/856"}],"wp:attachment":[{"href":"https:\/\/www.gonzalvezarquitectos.com\/en\/wp-json\/wp\/v2\/media?parent=853"}],"curies":[{"name":"wp","href":"https:\/\/api.w.org\/{rel}","templated":true}]}}